{"id":4597,"date":"2026-05-07T16:49:24","date_gmt":"2026-05-07T20:49:24","guid":{"rendered":"https:\/\/cdnpavocats.ca\/English\/?page_id=4597"},"modified":"2026-05-07T16:49:24","modified_gmt":"2026-05-07T20:49:24","slug":"simon-robin","status":"publish","type":"page","link":"https:\/\/cdnpavocats.ca\/English\/simon-robin\/","title":{"rendered":"Simon Robin"},"content":{"rendered":"\t\t\t\t\t<style>\r\n\t\t\t\t\t\t.progress-bar {\r\n\t\t\t\t\t\t    -webkit-transition: width 5s !important;\r\n\t\t\t\t\t\t    transition: width 5s !important;\r\n\t\t\t\t\t\t    -moz-transition: width 5s !important;\r\n\t\t\t\t\t\t}\r\n\t\t\t\t\t<\/style>\r\n\t\t\t\t\t<div class=\"about-me-page-container\">\r\n\t\t\t\t\t\t<div class=\"row\">\r\n\t\t\t\t\t\t\t<div class=\"col-sm-4\">\r\n\t\t\t\t\t\t\t\t<div class=\"thumbnail about-me-page-thumb\">\r\n\t\t\t\t\t\t\t\t\t<img decoding=\"async\" src=\"https:\/\/cdnpavocats.ca\/English\/wp-content\/uploads\/2026\/05\/PICK5770.jpg\" alt=\"\">\r\n\t\t\t\t\t\t\t\t<\/div>\r\n\t\t\t\t\t\t\t<\/div>\r\n\t\t\t\t\t\t\t<div class=\"col-sm-8\">\r\n\t\t\t\t\t\t\t\t<div class=\"panel panel-default\">\r\n\t\t\t\t\t\t\t\t  <div class=\"panel-heading\">\r\n\t\t\t\t\t\t\t\t    <h3 class=\"panel-title about-me-page-title\"><\/h3>\r\n\t\t\t\t\t\t\t\t  <\/div>\r\n\t\t\t\t\t\t\t\t  <div class=\"panel-body about-me-page-bio\">\r\n\t\t\t\t\t\t\t\t\t<p><p style=\"text-align: justify;\">Admitted to the Bar in 2018, Simon Robin primarily practices in the field of professional law. He advises and represents professional orders and syndics in the application of their mandates, mainly in disciplinary and penal matters (unauthorized practice of a profession). He also acts as legal counsel in professional liability cases involving advanced knowledge of criminal law<\/p> <p style=\"text-align: justify;\"> Prior to joining the team, Simon Robin served as a crown prosecutor within the office of the Directeur des poursuites criminelles et p\u00e9nales (DPCP). In this capacity, he was called upon to advise numerous police forces during their investigations. Drawing on extensive litigation experience, he has initiated and led multiple prosecutions before the courts. He has been a member of various specialized units, including the Bureau de la grande criminalit\u00e9 et des affaires sp\u00e9ciales. He was also part of the team assigned to murder cases within the Bureau des affaires de la jeunesse de Montr\u00e9al.<\/p><p style=\"text-align: justify;\">Simon Robin currently teaches at the Faculty of Law of the Universit\u00e9 de Montr\u00e9al and has served as a lecturer at Universit\u00e9 de Sherbrooke. He also acted as a guest speaker on many occasions and on a wide range of topics, including advocacy techniques, investigative methods, and the mandate of public prosecutions. <\/p><\/p>\r\n\t\t\t\t\t\t\t\t  <\/div>\r\n\t\t\t\t\t\t\t\t<\/div>\t\r\n\t\t\t\t\t\t\t<\/div>\r\n\t\t\t\t\t\t<\/div>\r\n\t\t\t\t\t\t<div class=\"row\">\r\n\t\t\t\t\t\t\r\n\t\t\t\t\t\t\t\t\t\t\t\t\t<\/div>\r\n\t\t\t\t\t<\/div>\r\n\t\t\t\t\t\t\r\n\t\t\t\t\t\n\n\n\n<p class=\"has-text-align-right\" id=\"block-52bb81dd-3abd-4637-bdfc-0f7cefc43d67\"><i class=\"wp-svg-hammer-2 hammer-2\"><\/i> <strong>Bar Admission<\/strong>: 2018\u00a0\u00a0\u00a0\u00a0 <i class=\"wp-svg-phone phone\"><\/i> 514.656.5359 \u00a0 \u00a0 \u00a0<a href=\"mailto:srobin@cdnpavocats.ca\"><i class=\"wp-svg-mail-2 mail-2\"><\/i> srobin@cdnpavocats.ca<\/a> <a href=\"https:\/\/www.linkedin.com\/in\/simon-robin-08a17b81\/?lipi=urn%3Ali%3Apage%3Ad_flagship3_profile_view_base_contact_details%3BTZnrOusHSC6SXmB7D7PBfg%3D%3D\"><i class=\"wp-svg-linkedin linkedin\"><\/i><\/a><\/p>\n\n\n\n<p id=\"block-660285b6-39a1-418c-bc5a-8eb242fb77d4\"><strong><div class=\"tmnf-sc-box normal   \">Academic Background<\/div><\/strong><\/p>\n\n\n\n<ul id=\"block-8e49ac84-8a17-4aaa-9f4b-41fec2c79cf5\" class=\"wp-block-list\">\n<li>Graduate Diploma (D.E.S.S.) in Criminal and Penal Law Practice, Universit\u00e9 de Sherbrooke (2017)<\/li>\n\n\n\n<li>Bachelor of Law (LL.B.), Universit\u00e9 de Montr\u00e9al (2015)<\/li>\n\n\n\n<li>Certificate in Chinese Law (Summer Program), China University of Political Science and Law (2013)<\/li>\n<\/ul>\n\n\n\n<p id=\"block-f974b616-7073-4b5b-8497-85cae8bc3749\"><strong><div class=\"tmnf-sc-box normal   \">Areas of Expertise<\/div><\/strong><\/p>\n\n\n\n<ul id=\"block-6c1175af-f5a4-49f0-bb4c-c0291b2be8d6\" class=\"wp-block-list\">\n<li>Disciplinary law<\/li>\n\n\n\n<li>Penal Law (unauthorized practice of a profession)<\/li>\n\n\n\n<li>Professional liability<\/li>\n<\/ul>\n\n\n\n<p id=\"block-154e5c32-d380-442b-8ec6-1ffac0a55afe\"><strong><div class=\"tmnf-sc-box normal   \">Honors and Associations<\/div><\/strong><\/p>\n\n\n\n<ul id=\"block-d6f60822-9991-4e61-b650-42abcb6a3bf0\" class=\"wp-block-list\">\n<li><em>Fondation du Barreau du Qu\u00e9bec \u2013 Gouverneur de la rel\u00e8ve<\/em> (2024 to 2025)<\/li>\n<\/ul>\n\n\n\n<p class=\"has-text-align-left\"><strong><div class=\"tmnf-sc-box normal   \">Conferences and Publications<\/div><\/strong><\/p>\n\n\n\n<ul class=\"wp-block-list\">\n<li>Lecturer (DRT 3914V), Universit\u00e9 de Montr\u00e9al, Faculty of law (2025 to today)<\/li>\n\n\n\n<li>Lecturer (DRT 263), Universit\u00e9 de Sherbrooke, Faculty of law (2024 to 2025)<\/li>\n<\/ul>\n\n\n\n<p id=\"block-e66d943e-ae51-437a-9686-fff50e63eabb\"><strong><div class=\"tmnf-sc-box normal   \">Assistant<\/div><\/strong><\/p>\n\n\n\n<p id=\"block-408bf052-d81b-43e6-90c1-7de7028189a0\">Ms. Aksana Matytsine<\/p>\n\n\n\n<p id=\"block-5947e43c-3cee-4d37-a76b-5f40e0020864\"><i class=\"wp-svg-phone phone\"><\/i> 514.409.2201, ext. 215<\/p>\n\n\n\n<p id=\"block-738b3e3b-3650-4e0a-90bc-14e33770107c\"><i class=\"wp-svg-mail-2 mail-2\"><\/i> amatytsine@cdnpavocats.ca<\/p>\n","protected":false},"excerpt":{"rendered":"<p>Bar Admission: 2018\u00a0\u00a0\u00a0\u00a0 514.656.5359 \u00a0 \u00a0 \u00a0 srobin@cdnpavocats.ca Ms. Aksana Matytsine 514.409.2201, ext. 215 amatytsine@cdnpavocats.ca<\/p>\n","protected":false},"author":4,"featured_media":0,"parent":0,"menu_order":0,"comment_status":"closed","ping_status":"closed","template":"template-fullwidth.php","meta":{"footnotes":""},"class_list":["post-4597","page","type-page","status-publish","hentry"],"_links":{"self":[{"href":"https:\/\/cdnpavocats.ca\/English\/wp-json\/wp\/v2\/pages\/4597","targetHints":{"allow":["GET"]}}],"collection":[{"href":"https:\/\/cdnpavocats.ca\/English\/wp-json\/wp\/v2\/pages"}],"about":[{"href":"https:\/\/cdnpavocats.ca\/English\/wp-json\/wp\/v2\/types\/page"}],"author":[{"embeddable":true,"href":"https:\/\/cdnpavocats.ca\/English\/wp-json\/wp\/v2\/users\/4"}],"replies":[{"embeddable":true,"href":"https:\/\/cdnpavocats.ca\/English\/wp-json\/wp\/v2\/comments?post=4597"}],"version-history":[{"count":5,"href":"https:\/\/cdnpavocats.ca\/English\/wp-json\/wp\/v2\/pages\/4597\/revisions"}],"predecessor-version":[{"id":4603,"href":"https:\/\/cdnpavocats.ca\/English\/wp-json\/wp\/v2\/pages\/4597\/revisions\/4603"}],"wp:attachment":[{"href":"https:\/\/cdnpavocats.ca\/English\/wp-json\/wp\/v2\/media?parent=4597"}],"curies":[{"name":"wp","href":"https:\/\/api.w.org\/{rel}","templated":true}]}}