{"id":4549,"date":"2025-05-20T10:28:35","date_gmt":"2025-05-20T14:28:35","guid":{"rendered":"https:\/\/cdnpavocats.ca\/English\/?page_id=4549"},"modified":"2025-07-28T15:25:12","modified_gmt":"2025-07-28T19:25:12","slug":"maya-chahinez-oultache","status":"publish","type":"page","link":"https:\/\/cdnpavocats.ca\/English\/maya-chahinez-oultache\/","title":{"rendered":"Maya-Chahinez Oultache"},"content":{"rendered":"\t\t\t\t\t<style>\r\n\t\t\t\t\t\t.progress-bar {\r\n\t\t\t\t\t\t    -webkit-transition: width 5s !important;\r\n\t\t\t\t\t\t    transition: width 5s !important;\r\n\t\t\t\t\t\t    -moz-transition: width 5s !important;\r\n\t\t\t\t\t\t}\r\n\t\t\t\t\t<\/style>\r\n\t\t\t\t\t<div class=\"about-me-page-container\">\r\n\t\t\t\t\t\t<div class=\"row\">\r\n\t\t\t\t\t\t\t<div class=\"col-sm-4\">\r\n\t\t\t\t\t\t\t\t<div class=\"thumbnail about-me-page-thumb\">\r\n\t\t\t\t\t\t\t\t\t<img decoding=\"async\" src=\"https:\/\/cdnpavocats.ca\/English\/wp-content\/uploads\/2025\/05\/PICK0216.jpg\" alt=\"\">\r\n\t\t\t\t\t\t\t\t<\/div>\r\n\t\t\t\t\t\t\t<\/div>\r\n\t\t\t\t\t\t\t<div class=\"col-sm-8\">\r\n\t\t\t\t\t\t\t\t<div class=\"panel panel-default\">\r\n\t\t\t\t\t\t\t\t  <div class=\"panel-heading\">\r\n\t\t\t\t\t\t\t\t    <h3 class=\"panel-title about-me-page-title\"><\/h3>\r\n\t\t\t\t\t\t\t\t  <\/div>\r\n\t\t\t\t\t\t\t\t  <div class=\"panel-body about-me-page-bio\">\r\n\t\t\t\t\t\t\t\t\t<p><p style=\"text-align: justify;\">Maya-Chahinez Oultache primarily practices in disciplinary law and professional liability.<\/p> <p style=\"text-align: justify;\"> Before joining the team, she completed her articling at the Legal Affairs Department of the Commission des normes, de l\u2019\u00e9quit\u00e9, de la sant\u00e9 et de la s\u00e9curit\u00e9 du travail (CNESST), where she handled a high volume of cases related to labor standards. This experience allowed her to participate in conciliation and negotiation processes, as well as to represent parties before the Administrative Labour Tribunal and civil courts. There, she sharpened her listening skills, deepened her understanding of human issues, and enhanced her ability to navigate and defend complex legal rights<\/p><\/p>\r\n\t\t\t\t\t\t\t\t  <\/div>\r\n\t\t\t\t\t\t\t\t<\/div>\t\r\n\t\t\t\t\t\t\t<\/div>\r\n\t\t\t\t\t\t<\/div>\r\n\t\t\t\t\t\t<div class=\"row\">\r\n\t\t\t\t\t\t\r\n\t\t\t\t\t\t\t\t\t\t\t\t\t<\/div>\r\n\t\t\t\t\t<\/div>\r\n\t\t\t\t\t\t\r\n\t\t\t\t\t\n\n\n\n<p class=\"has-text-align-right\" id=\"block-52bb81dd-3abd-4637-bdfc-0f7cefc43d67\"><i class=\"wp-svg-hammer-2 hammer-2\"><\/i> <strong>Bar Admission<\/strong>: 2025&nbsp;&nbsp;&nbsp;&nbsp; <i class=\"wp-svg-phone phone\"><\/i> 514.360.2598 &nbsp; &nbsp; &nbsp;<a href=\"mailto:mcoultache@cdnpavocats.ca\"><i class=\"wp-svg-mail-2 mail-2\"><\/i> mcoultache@cdnpavocats.ca<\/a> <a href=\"https:\/\/www.linkedin.com\/in\/maya-chahinez-oultache-24193a201?lipi=urn%3Ali%3Apage%3Ad_flagship3_profile_view_base_contact_details%3BZYzUA2sUTvaD0KrPKXEIDg%3D%3D\"><i class=\"wp-svg-linkedin linkedin\"><\/i><\/a><\/p>\n\n\n\n<p id=\"block-660285b6-39a1-418c-bc5a-8eb242fb77d4\"><strong><div class=\"tmnf-sc-box normal   \">Academic Background<\/div><\/strong><\/p>\n\n\n\n<ul id=\"block-8e49ac84-8a17-4aaa-9f4b-41fec2c79cf5\" class=\"wp-block-list\">\n<li>Masters of Law (LL.M.), Criminal Law option, Universit\u00e9 de Montr\u00e9al (2025)<\/li>\n\n\n\n<li>Bachelor of Law (LL.B.), Universit\u00e9 de Montr\u00e9al (2022)<\/li>\n<\/ul>\n\n\n\n<p id=\"block-f974b616-7073-4b5b-8497-85cae8bc3749\"><strong><div class=\"tmnf-sc-box normal   \">Areas of Expertise<\/div><\/strong><\/p>\n\n\n\n<ul id=\"block-6c1175af-f5a4-49f0-bb4c-c0291b2be8d6\" class=\"wp-block-list\">\n<li>Civil and professional liability<\/li>\n\n\n\n<li>Disciplinary Law<\/li>\n\n\n\n<li>Labour Law<\/li>\n<\/ul>\n\n\n\n<p id=\"block-154e5c32-d380-442b-8ec6-1ffac0a55afe\"><strong><div class=\"tmnf-sc-box normal   \">Honors and Associations<\/div><\/strong><\/p>\n\n\n\n<ul id=\"block-d6f60822-9991-4e61-b650-42abcb6a3bf0\" class=\"wp-block-list\">\n<li>Graduate Academic Excellence Scholarship (2025)<\/li>\n\n\n\n<li>Antonio Lamer Graduate Scholarship (2024)<\/li>\n\n\n\n<li>Excellence Scholarship for the course <em>F\u00e9minismes, femmes et droit international <\/em> (2022)<\/li>\n\n\n\n<li>Dean\u2019s Honour List (2022)<\/li>\n<\/ul>\n\n\n\n<p id=\"block-cb54035b-b3f5-41ac-aa90-637594cdb178\"><strong><div class=\"tmnf-sc-box normal   \">Conferences and Publications<\/div><\/strong><\/p>\n\n\n\n<ul id=\"block-e951a3ce-e8b8-4c08-83ce-93e874d20ee3\" class=\"wp-block-list\">\n<li>Author,<em>&nbsp;<\/em><em>Le ch\u00e2timent corporel des enfants : l\u2019article 43 C.cr. n\u2019a plus sa place en droit canadien<\/em>, Canadian Criminal Law Review, p. 243 (2022)<\/li>\n<\/ul>\n\n\n\n<p id=\"block-e66d943e-ae51-437a-9686-fff50e63eabb\"><strong><div class=\"tmnf-sc-box normal   \">Assistant<\/div><\/strong><\/p>\n\n\n\n<p id=\"block-408bf052-d81b-43e6-90c1-7de7028189a0\">Ms. Aksana Matytsine<\/p>\n\n\n\n<p id=\"block-5947e43c-3cee-4d37-a76b-5f40e0020864\"><i class=\"wp-svg-phone phone\"><\/i> 514.409.2201, ext. 215<\/p>\n\n\n\n<p id=\"block-738b3e3b-3650-4e0a-90bc-14e33770107c\"><i class=\"wp-svg-mail-2 mail-2\"><\/i> amatytsine@cdnpavocats.ca<\/p>\n","protected":false},"excerpt":{"rendered":"<p>Bar Admission: 2025&nbsp;&nbsp;&nbsp;&nbsp; 514.360.2598 &nbsp; &nbsp; &nbsp; mcoultache@cdnpavocats.ca Ms. Aksana Matytsine 514.409.2201, ext. 215 amatytsine@cdnpavocats.ca<\/p>\n","protected":false},"author":4,"featured_media":0,"parent":0,"menu_order":0,"comment_status":"closed","ping_status":"closed","template":"template-fullwidth.php","meta":{"footnotes":""},"class_list":["post-4549","page","type-page","status-publish","hentry"],"_links":{"self":[{"href":"https:\/\/cdnpavocats.ca\/English\/wp-json\/wp\/v2\/pages\/4549","targetHints":{"allow":["GET"]}}],"collection":[{"href":"https:\/\/cdnpavocats.ca\/English\/wp-json\/wp\/v2\/pages"}],"about":[{"href":"https:\/\/cdnpavocats.ca\/English\/wp-json\/wp\/v2\/types\/page"}],"author":[{"embeddable":true,"href":"https:\/\/cdnpavocats.ca\/English\/wp-json\/wp\/v2\/users\/4"}],"replies":[{"embeddable":true,"href":"https:\/\/cdnpavocats.ca\/English\/wp-json\/wp\/v2\/comments?post=4549"}],"version-history":[{"count":10,"href":"https:\/\/cdnpavocats.ca\/English\/wp-json\/wp\/v2\/pages\/4549\/revisions"}],"predecessor-version":[{"id":4567,"href":"https:\/\/cdnpavocats.ca\/English\/wp-json\/wp\/v2\/pages\/4549\/revisions\/4567"}],"wp:attachment":[{"href":"https:\/\/cdnpavocats.ca\/English\/wp-json\/wp\/v2\/media?parent=4549"}],"curies":[{"name":"wp","href":"https:\/\/api.w.org\/{rel}","templated":true}]}}