{"id":4518,"date":"2023-12-01T09:28:48","date_gmt":"2023-12-01T14:28:48","guid":{"rendered":"https:\/\/cdnpavocats.ca\/English\/?page_id=4518"},"modified":"2025-02-18T09:44:29","modified_gmt":"2025-02-18T14:44:29","slug":"andreanne-briere-dulude","status":"publish","type":"page","link":"https:\/\/cdnpavocats.ca\/English\/andreanne-briere-dulude\/","title":{"rendered":"Andr\u00e9anne Bri\u00e8re-Dulude"},"content":{"rendered":"\t\t\t\t\t<style>\r\n\t\t\t\t\t\t.progress-bar {\r\n\t\t\t\t\t\t    -webkit-transition: width 5s !important;\r\n\t\t\t\t\t\t    transition: width 5s !important;\r\n\t\t\t\t\t\t    -moz-transition: width 5s !important;\r\n\t\t\t\t\t\t}\r\n\t\t\t\t\t<\/style>\r\n\t\t\t\t\t<div class=\"about-me-page-container\">\r\n\t\t\t\t\t\t<div class=\"row\">\r\n\t\t\t\t\t\t\t<div class=\"col-sm-4\">\r\n\t\t\t\t\t\t\t\t<div class=\"thumbnail about-me-page-thumb\">\r\n\t\t\t\t\t\t\t\t\t<img decoding=\"async\" src=\"https:\/\/cdnpavocats.ca\/English\/wp-content\/uploads\/2023\/12\/IMG_1619.jpg\" alt=\"\">\r\n\t\t\t\t\t\t\t\t<\/div>\r\n\t\t\t\t\t\t\t<\/div>\r\n\t\t\t\t\t\t\t<div class=\"col-sm-8\">\r\n\t\t\t\t\t\t\t\t<div class=\"panel panel-default\">\r\n\t\t\t\t\t\t\t\t  <div class=\"panel-heading\">\r\n\t\t\t\t\t\t\t\t    <h3 class=\"panel-title about-me-page-title\"><\/h3>\r\n\t\t\t\t\t\t\t\t  <\/div>\r\n\t\t\t\t\t\t\t\t  <div class=\"panel-body about-me-page-bio\">\r\n\t\t\t\t\t\t\t\t\t<p><p style=\"text-align: justify;\">Andr\u00e9anne Bri\u00e8re-Dulude primarily practices in professional and civil liability, disciplinary law, as well as insurance and construction law.<\/p> <p style=\"text-align: justify;\"> During her law studies at the Faculty of Law at the University of Montreal, she represented Canada in various major triathlon competitions. Andr\u00e9anne continues to be involved in the sports community by serving as an administrator within the Club de la M\u00e9daille d'Or, an organization with a mission to mobilize the community to provide valuable support to our developing athletes in Quebec.<\/p><\/p>\r\n\t\t\t\t\t\t\t\t  <\/div>\r\n\t\t\t\t\t\t\t\t<\/div>\t\r\n\t\t\t\t\t\t\t<\/div>\r\n\t\t\t\t\t\t<\/div>\r\n\t\t\t\t\t\t<div class=\"row\">\r\n\t\t\t\t\t\t\r\n\t\t\t\t\t\t\t\t\t\t\t\t\t<\/div>\r\n\t\t\t\t\t<\/div>\r\n\t\t\t\t\t\t\r\n\t\t\t\t\t\n\n\n\n<p class=\"has-text-align-right\"><i class=\"wp-svg-hammer-2 hammer-2\"><\/i> <strong>Bar Admission<\/strong>: 2023&nbsp;&nbsp;&nbsp;&nbsp; <i class=\"wp-svg-phone phone\"><\/i> 514.360.0552 &nbsp; &nbsp; &nbsp;<a href=\"mailto:vdeziel@cdnpavocats.ca\"><i class=\"wp-svg-mail-2 mail-2\"><\/i> abdulude@cdnpavocats.ca<\/a> <\/p>\n\n\n\n<p><strong><div class=\"tmnf-sc-box normal   \">Academic Background<\/div><\/strong><\/p>\n\n\n\n<ul class=\"wp-block-list\">\n<li>Bachelor of Law (LL.B.), Universit\u00e9 de Montr\u00e9al (2021)<\/li>\n<\/ul>\n\n\n\n<p><strong><div class=\"tmnf-sc-box normal   \">Areas of Expertise<\/div><\/strong><\/p>\n\n\n\n<ul class=\"wp-block-list\">\n<li>Civil and professional liability<\/li>\n\n\n\n<li>Insurance Law<\/li>\n\n\n\n<li>Disciplinary Law<\/li>\n\n\n\n<li>Construction Law<\/li>\n<\/ul>\n\n\n\n<p><strong><div class=\"tmnf-sc-box normal   \">Honors and Associations<\/div><\/strong><\/p>\n\n\n\n<ul class=\"wp-block-list\">\n<li>Administrator of the Club de la M\u00e9daille d&#8217;Or (2023-2025)<\/li>\n\n\n\n<li>Athlete, member of the National Performance Center of Triathlon Canada based in Victoria (2020-2022)<\/li>\n<\/ul>\n\n\n\n<p><strong><div class=\"tmnf-sc-box normal   \">Conferences and Publications<\/div><\/strong><\/p>\n\n\n\n<ul class=\"wp-block-list\">\n<li>Collaborator,<em>&nbsp;&#8220;Survol des d\u00e9cisions r\u00e9centes en droit des assurances&#8221;<\/em>, D\u00e9veloppement r\u00e9cents en droit des assurances, \u00c9dition Yvon Blais, 2023<\/li>\n<\/ul>\n\n\n\n<p><strong><div class=\"tmnf-sc-box normal   \">Assistant<\/div><\/strong><\/p>\n\n\n\n<p>Ms. Aksana Matytsine<\/p>\n\n\n\n<p><i class=\"wp-svg-phone phone\"><\/i> 514.409.2201, ext. 215<\/p>\n\n\n\n<p><i class=\"wp-svg-mail-2 mail-2\"><\/i> amatytsine@cdnpavocats.ca<\/p>\n","protected":false},"excerpt":{"rendered":"<p>Bar Admission: 2023&nbsp;&nbsp;&nbsp;&nbsp; 514.360.0552 &nbsp; &nbsp; &nbsp; abdulude@cdnpavocats.ca Ms. Aksana Matytsine 514.409.2201, ext. 215 amatytsine@cdnpavocats.ca<\/p>\n","protected":false},"author":4,"featured_media":0,"parent":0,"menu_order":0,"comment_status":"closed","ping_status":"closed","template":"template-fullwidth.php","meta":{"footnotes":""},"class_list":["post-4518","page","type-page","status-publish","hentry"],"_links":{"self":[{"href":"https:\/\/cdnpavocats.ca\/English\/wp-json\/wp\/v2\/pages\/4518","targetHints":{"allow":["GET"]}}],"collection":[{"href":"https:\/\/cdnpavocats.ca\/English\/wp-json\/wp\/v2\/pages"}],"about":[{"href":"https:\/\/cdnpavocats.ca\/English\/wp-json\/wp\/v2\/types\/page"}],"author":[{"embeddable":true,"href":"https:\/\/cdnpavocats.ca\/English\/wp-json\/wp\/v2\/users\/4"}],"replies":[{"embeddable":true,"href":"https:\/\/cdnpavocats.ca\/English\/wp-json\/wp\/v2\/comments?post=4518"}],"version-history":[{"count":5,"href":"https:\/\/cdnpavocats.ca\/English\/wp-json\/wp\/v2\/pages\/4518\/revisions"}],"predecessor-version":[{"id":4535,"href":"https:\/\/cdnpavocats.ca\/English\/wp-json\/wp\/v2\/pages\/4518\/revisions\/4535"}],"wp:attachment":[{"href":"https:\/\/cdnpavocats.ca\/English\/wp-json\/wp\/v2\/media?parent=4518"}],"curies":[{"name":"wp","href":"https:\/\/api.w.org\/{rel}","templated":true}]}}