{"id":3809,"date":"2019-12-10T12:25:30","date_gmt":"2019-12-10T17:25:30","guid":{"rendered":"https:\/\/cdnpavocats.ca\/English\/?page_id=3809"},"modified":"2022-12-13T14:40:06","modified_gmt":"2022-12-13T19:40:06","slug":"camille-tremblay-pelchat","status":"publish","type":"page","link":"https:\/\/cdnpavocats.ca\/English\/camille-tremblay-pelchat\/","title":{"rendered":"Camille Tremblay-Pelchat"},"content":{"rendered":"\t\t\t\t\t<style>\r\n\t\t\t\t\t\t.progress-bar {\r\n\t\t\t\t\t\t    -webkit-transition: width 5s !important;\r\n\t\t\t\t\t\t    transition: width 5s !important;\r\n\t\t\t\t\t\t    -moz-transition: width 5s !important;\r\n\t\t\t\t\t\t}\r\n\t\t\t\t\t<\/style>\r\n\t\t\t\t\t<div class=\"about-me-page-container\">\r\n\t\t\t\t\t\t<div class=\"row\">\r\n\t\t\t\t\t\t\t<div class=\"col-sm-4\">\r\n\t\t\t\t\t\t\t\t<div class=\"thumbnail about-me-page-thumb\">\r\n\t\t\t\t\t\t\t\t\t<img decoding=\"async\" src=\"https:\/\/cdnpavocats.ca\/English\/wp-content\/uploads\/2022\/12\/CTP-bio-scaled.jpg\" alt=\"\">\r\n\t\t\t\t\t\t\t\t<\/div>\r\n\t\t\t\t\t\t\t<\/div>\r\n\t\t\t\t\t\t\t<div class=\"col-sm-8\">\r\n\t\t\t\t\t\t\t\t<div class=\"panel panel-default\">\r\n\t\t\t\t\t\t\t\t  <div class=\"panel-heading\">\r\n\t\t\t\t\t\t\t\t    <h3 class=\"panel-title about-me-page-title\"><\/h3>\r\n\t\t\t\t\t\t\t\t  <\/div>\r\n\t\t\t\t\t\t\t\t  <div class=\"panel-body about-me-page-bio\">\r\n\t\t\t\t\t\t\t\t\t<p><p style=\"text-align: justify;\">Camille Tremblay-Pelchat practices mainly in disciplinary law as well as professional and civil liability. Prior to joining the team, she acted as an investigative lawyer for the Syndic's Office of a self-regulatory organization.<\/p><\/p>\r\n\t\t\t\t\t\t\t\t  <\/div>\r\n\t\t\t\t\t\t\t\t<\/div>\t\r\n\t\t\t\t\t\t\t<\/div>\r\n\t\t\t\t\t\t<\/div>\r\n\t\t\t\t\t\t<div class=\"row\">\r\n\t\t\t\t\t\t\r\n\t\t\t\t\t\t\t\t\t\t\t\t\t<\/div>\r\n\t\t\t\t\t<\/div>\r\n\t\t\t\t\t\t\r\n\t\t\t\t\t\n<p style=\"text-align: right;\"><strong><i class=\"wp-svg-hammer-2 hammer-2\"><\/i> Bar Admission: <\/strong>2020\u00a0 \u00a0 \u00a0<i class=\"wp-svg-phone phone\"><\/i> 514.360.3542\u00a0 \u00a0 \u00a0 \u00a0 \u00a0<a href=\"mailto:ctpelchat@cdnpavocats.ca\"><i class=\"wp-svg-mail-2 mail-2\"><\/i> ctpelchat@cdnpavocats.ca <\/a><\/p>\n<p><strong><div class=\"tmnf-sc-box normal   \">Academic Background<\/div><\/strong><\/p>\n<ul>\n<li><em>Dipl\u00f4me d\u2019\u00e9tudes sup\u00e9rieures sp\u00e9cialis\u00e9es de 2<sup>e<\/sup> cycle en lutte contre la criminalit\u00e9 financi\u00e8re<\/em> (D.E.S.S.) (in progress)<\/li>\n<li>Bachelor of Civil Law (B.C.L.) and Bachelor of Laws (LL. B.), Universit\u00e9 McGill (2019)<\/li>\n<li>Student exchange in law, The George Washington University Law School (2018)<\/li>\n<\/ul>\n<p style=\"text-align: left;\"><strong><div class=\"tmnf-sc-box normal   \">Areas of Expertise<\/div><\/strong><\/p>\n<ul>\n<li>Disciplinary Law<\/li>\n<li>Civil and Professional Liability<\/li>\n<\/ul>\n<p><strong style=\"font-size: revert; color: initial;\"><div class=\"tmnf-sc-box normal   \">Assistant<\/div><\/strong><\/p>\n<p>Ms. Aksana Matytsine<\/p>\n<p><i class=\"wp-svg-phone phone\"><\/i> 514.409.2201, ext. 215<\/p>\n<p><i class=\"wp-svg-mail-2 mail-2\"><\/i><a href=\"mailto:amatytsine@cdnpavocats.ca\"> amatytsine@cdnpavocats.ca<\/a><\/p>\n","protected":false},"excerpt":{"rendered":"<p>Bar Admission: 2020\u00a0 \u00a0 \u00a0 514.360.3542\u00a0 \u00a0 \u00a0 \u00a0 \u00a0 ctpelchat@cdnpavocats.ca Dipl\u00f4me d\u2019\u00e9tudes sup\u00e9rieures sp\u00e9cialis\u00e9es de 2e cycle en lutte contre la criminalit\u00e9 financi\u00e8re (D.E.S.S.) (in progress) Bachelor of Civil Law (B.C.L.) and Bachelor of Laws (LL. B.), Universit\u00e9 McGill (2019) Student exchange in law, The George Washington University Law School (2018) Disciplinary Law Civil &hellip;<\/p>\n","protected":false},"author":4,"featured_media":0,"parent":0,"menu_order":0,"comment_status":"closed","ping_status":"closed","template":"template-fullwidth.php","meta":{"footnotes":""},"class_list":["post-3809","page","type-page","status-publish","hentry"],"_links":{"self":[{"href":"https:\/\/cdnpavocats.ca\/English\/wp-json\/wp\/v2\/pages\/3809","targetHints":{"allow":["GET"]}}],"collection":[{"href":"https:\/\/cdnpavocats.ca\/English\/wp-json\/wp\/v2\/pages"}],"about":[{"href":"https:\/\/cdnpavocats.ca\/English\/wp-json\/wp\/v2\/types\/page"}],"author":[{"embeddable":true,"href":"https:\/\/cdnpavocats.ca\/English\/wp-json\/wp\/v2\/users\/4"}],"replies":[{"embeddable":true,"href":"https:\/\/cdnpavocats.ca\/English\/wp-json\/wp\/v2\/comments?post=3809"}],"version-history":[{"count":9,"href":"https:\/\/cdnpavocats.ca\/English\/wp-json\/wp\/v2\/pages\/3809\/revisions"}],"predecessor-version":[{"id":4445,"href":"https:\/\/cdnpavocats.ca\/English\/wp-json\/wp\/v2\/pages\/3809\/revisions\/4445"}],"wp:attachment":[{"href":"https:\/\/cdnpavocats.ca\/English\/wp-json\/wp\/v2\/media?parent=3809"}],"curies":[{"name":"wp","href":"https:\/\/api.w.org\/{rel}","templated":true}]}}