{"id":2900,"date":"2015-12-14T17:41:51","date_gmt":"2015-12-14T22:41:51","guid":{"rendered":"http:\/\/cdnpavocats.ca\/TEMPSITE\/wordpress\/?page_id=2900"},"modified":"2026-05-07T16:45:21","modified_gmt":"2026-05-07T20:45:21","slug":"jean-francois-noiseux","status":"publish","type":"page","link":"https:\/\/cdnpavocats.ca\/English\/jean-francois-noiseux\/","title":{"rendered":"Jean-Fran\u00e7ois Noiseux"},"content":{"rendered":"\t\t\t\t\t<style>\r\n\t\t\t\t\t\t.progress-bar {\r\n\t\t\t\t\t\t    -webkit-transition: width 5s !important;\r\n\t\t\t\t\t\t    transition: width 5s !important;\r\n\t\t\t\t\t\t    -moz-transition: width 5s !important;\r\n\t\t\t\t\t\t}\r\n\t\t\t\t\t<\/style>\r\n\t\t\t\t\t<div class=\"about-me-page-container\">\r\n\t\t\t\t\t\t<div class=\"row\">\r\n\t\t\t\t\t\t\t<div class=\"col-sm-4\">\r\n\t\t\t\t\t\t\t\t<div class=\"thumbnail about-me-page-thumb\">\r\n\t\t\t\t\t\t\t\t\t<img decoding=\"async\" src=\"https:\/\/cdnpavocats.ca\/English\/wp-content\/uploads\/2016\/10\/Jean_Francois.jpg\" alt=\"\">\r\n\t\t\t\t\t\t\t\t<\/div>\r\n\t\t\t\t\t\t\t<\/div>\r\n\t\t\t\t\t\t\t<div class=\"col-sm-8\">\r\n\t\t\t\t\t\t\t\t<div class=\"panel panel-default\">\r\n\t\t\t\t\t\t\t\t  <div class=\"panel-heading\">\r\n\t\t\t\t\t\t\t\t    <h3 class=\"panel-title about-me-page-title\"><\/h3>\r\n\t\t\t\t\t\t\t\t  <\/div>\r\n\t\t\t\t\t\t\t\t  <div class=\"panel-body about-me-page-bio\">\r\n\t\t\t\t\t\t\t\t\t<p><p style=\"text-align: justify;\">Jean-Fran\u00e7ois primarily practices in civil, professional, and medical liability. Moreover, he represents several professionals, including lawyers, pharmacists, and engineers. He teaches a professional liability representation clinic at the \u00c9cole du Barreau du Qu\u00e9bec.<\/p>\n<p style=\"text-align: justify;\"> Additionally, Jean-Fran\u00e7ois advises and represents individuals, businesses, and institutional clients in extremely diverse fields, including civil liability and manufacturer's liability.<\/p>\n<p style=\"text-align: justify;\">Finally, Jean-Fran\u00e7ois represents several insurers, both in subrogation claims and in matters related to warranty applications.<\/p><\/p>\r\n\t\t\t\t\t\t\t\t  <\/div>\r\n\t\t\t\t\t\t\t\t<\/div>\t\r\n\t\t\t\t\t\t\t<\/div>\r\n\t\t\t\t\t\t<\/div>\r\n\t\t\t\t\t\t<div class=\"row\">\r\n\t\t\t\t\t\t\r\n\t\t\t\t\t\t\t\t\t\t\t\t\t<\/div>\r\n\t\t\t\t\t<\/div>\r\n\t\t\t\t\t\t\r\n\t\t\t\t\t\n\n\n\n<p class=\"has-text-align-right\"><strong><i class=\"wp-svg-hammer-2 hammer-2\"><\/i> Bar Admission<\/strong>: 2002 &nbsp;&nbsp;&nbsp; <i class=\"wp-svg-phone phone\"><\/i> 514.360.4451 &nbsp;&nbsp;&nbsp; <a href=\"http:\/\/cdnpavocats.ca\/Vcard\/Jean-Fran\u00e7ois Noiseux.vcf\"><i class=\"wp-svg-envelop envelop\"><\/i> Vcard<\/a>&nbsp; &nbsp; &nbsp;<a href=\"mailto:jfnoiseux@cdnpavocats.ca\"><i class=\"wp-svg-mail-2 mail-2\"><\/i>&nbsp;jfnoiseux@cdnpavocats.ca<\/a> &nbsp;&nbsp;&nbsp; <a href=\"https:\/\/ca.linkedin.com\/in\/j-f-noiseux-6a2b4162\"><i class=\"wp-svg-linkedin linkedin\"><\/i><\/a><\/p>\n\n\n\n<p><strong><div class=\"tmnf-sc-box normal   \">Academic Background<\/div><\/strong><\/p>\n\n\n\n<ul class=\"wp-block-list\">\n<li><em>Ma\u00eetrise en droit et politiques de la sant\u00e9<\/em> (LL.M.), Universit\u00e9 de Sherbrooke (2008)<\/li>\n\n\n\n<li>Trial Advocacy Seminar, Quebec Bar (2008)<\/li>\n\n\n\n<li>Postgraduate in post-secondary education Universit\u00e9 de Montr\u00e9al (2003)<\/li>\n\n\n\n<li>Bachelor of Law (LL.B.), Universit\u00e9 de Montr\u00e9al (2001)<\/li>\n<\/ul>\n\n\n\n<p class=\"has-text-align-left\"><strong><div class=\"tmnf-sc-box normal   \">Areas of Expertise<\/div><\/strong><\/p>\n\n\n\n<ul class=\"wp-block-list\">\n<li>Civil and Professional Liability<\/li>\n\n\n\n<li>Medical and Hospital Liability<\/li>\n\n\n\n<li>Insurance<\/li>\n\n\n\n<li>Disciplinary Law<\/li>\n\n\n\n<li>Health and Social Services Law<\/li>\n<\/ul>\n\n\n\n<p><strong><div class=\"tmnf-sc-box normal   \">Honors and Associations<\/div><\/strong><\/p>\n\n\n\n<ul class=\"wp-block-list\">\n<li><i><span class=\"markpt18fl2h1\" data-markjs=\"true\" data-olk-copy-source=\"MessageBody\" data-ogac=\"\" data-ogab=\"\" data-ogsc=\"\" data-ogsb=\"\">Best<\/span>&nbsp;<span class=\"markv9rs2r8wi\" data-markjs=\"true\" data-ogac=\"\" data-ogab=\"\" data-ogsc=\"\" data-ogsb=\"\">Lawyers<\/span>&nbsp;in Canada<\/i>: recognized for Insurance Law (2026) and for professional liability (2026)<\/li>\n\n\n\n<li>President of the Board of Directors of Les Enfants du Mand\u00e9 (2020 to 2024)<\/li>\n\n\n\n<li>Vice-President of the Board of Directors of CPE La Campamuse (2018 to 2021)<\/li>\n\n\n\n<li>Treasurer of the Board of Directors of CPE La Campamuse (2016 to 2018)<\/li>\n\n\n\n<li>Member of the Board of Directors of ManiganSes (2006 to 2009)<\/li>\n<\/ul>\n\n\n\n<p class=\"has-text-align-left\"><strong><div class=\"tmnf-sc-box normal   \">Conferences and Publications<\/div><\/strong><\/p>\n\n\n\n<ul class=\"wp-block-list\">\n<li><em>Association des pharmaciens en \u00e9tablissement de sant\u00e9 du Qu\u00e9bec (A.P.E.S.), Grand Forum 2026, &#8220;Le r\u00f4le de l&#8217;expert&#8221;<\/em>, 2026<\/li>\n\n\n\n<li>Speaker at&nbsp;<em>Colloque sur les d\u00e9veloppements r\u00e9cents en droit des assurances<\/em>, Barreau du Qu\u00e9bec, 2017<\/li>\n\n\n\n<li>Coauthor, \u00ab&nbsp;Le r\u00f4le du courtier en Assurance de dommages dans le cadre de l\u2019application des articles 2400 et 2405 C.c.Q.&nbsp;\u00bb, <em>D\u00e9veloppements r\u00e9cents en droit des Assurances<\/em>, \u00c9ditions Yvon Blais, vol. 404, 2015<\/li>\n\n\n\n<li>Author, <em>La responsabilit\u00e9 des chiropraticiens,&nbsp;<\/em>Cowansville, \u00c9ditions Yvon Blais, 2011<\/li>\n\n\n\n<li><em>Responsabilit\u00e9 des professionnels lors du d\u00e9pistage et du diagnostic pr\u00e9nataux<\/em>, Master&#8217;s thesis, Universit\u00e9 de Sherbrooke, 2008<\/li>\n<\/ul>\n\n\n\n<p><strong style=\"text-align: left;\"><div class=\"tmnf-sc-box normal   \">Assistant<\/div><\/strong><\/p>\n\n\n\n<p>Ms. Manon Fauvel<\/p>\n\n\n\n<p><i class=\"wp-svg-phone phone\"><\/i> 514.409.2201, ext. 209<\/p>\n\n\n\n<p><i class=\"wp-svg-mail-2 mail-2\"><\/i><a href=\"mailto:mfauvel@cdnpavocats.ca\"> mfauvel@cdnpavocats.ca<\/a><\/p>\n","protected":false},"excerpt":{"rendered":"<p>Bar Admission: 2002 &nbsp;&nbsp;&nbsp; 514.360.4451 &nbsp;&nbsp;&nbsp; Vcard&nbsp; &nbsp; &nbsp;&nbsp;jfnoiseux@cdnpavocats.ca &nbsp;&nbsp;&nbsp; Ms. Manon Fauvel 514.409.2201, ext. 209 mfauvel@cdnpavocats.ca<\/p>\n","protected":false},"author":1,"featured_media":0,"parent":0,"menu_order":0,"comment_status":"closed","ping_status":"closed","template":"template-fullwidth.php","meta":{"footnotes":""},"class_list":["post-2900","page","type-page","status-publish","hentry"],"_links":{"self":[{"href":"https:\/\/cdnpavocats.ca\/English\/wp-json\/wp\/v2\/pages\/2900","targetHints":{"allow":["GET"]}}],"collection":[{"href":"https:\/\/cdnpavocats.ca\/English\/wp-json\/wp\/v2\/pages"}],"about":[{"href":"https:\/\/cdnpavocats.ca\/English\/wp-json\/wp\/v2\/types\/page"}],"author":[{"embeddable":true,"href":"https:\/\/cdnpavocats.ca\/English\/wp-json\/wp\/v2\/users\/1"}],"replies":[{"embeddable":true,"href":"https:\/\/cdnpavocats.ca\/English\/wp-json\/wp\/v2\/comments?post=2900"}],"version-history":[{"count":21,"href":"https:\/\/cdnpavocats.ca\/English\/wp-json\/wp\/v2\/pages\/2900\/revisions"}],"predecessor-version":[{"id":4599,"href":"https:\/\/cdnpavocats.ca\/English\/wp-json\/wp\/v2\/pages\/2900\/revisions\/4599"}],"wp:attachment":[{"href":"https:\/\/cdnpavocats.ca\/English\/wp-json\/wp\/v2\/media?parent=2900"}],"curies":[{"name":"wp","href":"https:\/\/api.w.org\/{rel}","templated":true}]}}