{"id":2875,"date":"2015-12-10T14:39:22","date_gmt":"2015-12-10T19:39:22","guid":{"rendered":"http:\/\/cdnpavocats.ca\/TEMPSITE\/wordpress\/?page_id=2875"},"modified":"2026-01-09T15:15:23","modified_gmt":"2026-01-09T20:15:23","slug":"valerie-deziel","status":"publish","type":"page","link":"https:\/\/cdnpavocats.ca\/English\/valerie-deziel\/","title":{"rendered":"Val\u00e9rie D\u00e9ziel"},"content":{"rendered":"\t\t\t\t\t<style>\r\n\t\t\t\t\t\t.progress-bar {\r\n\t\t\t\t\t\t    -webkit-transition: width 5s !important;\r\n\t\t\t\t\t\t    transition: width 5s !important;\r\n\t\t\t\t\t\t    -moz-transition: width 5s !important;\r\n\t\t\t\t\t\t}\r\n\t\t\t\t\t<\/style>\r\n\t\t\t\t\t<div class=\"about-me-page-container\">\r\n\t\t\t\t\t\t<div class=\"row\">\r\n\t\t\t\t\t\t\t<div class=\"col-sm-4\">\r\n\t\t\t\t\t\t\t\t<div class=\"thumbnail about-me-page-thumb\">\r\n\t\t\t\t\t\t\t\t\t<img decoding=\"async\" src=\"https:\/\/cdnpavocats.ca\/English\/wp-content\/uploads\/2016\/10\/Val\u00e9rie-1.jpg\" alt=\"\">\r\n\t\t\t\t\t\t\t\t<\/div>\r\n\t\t\t\t\t\t\t<\/div>\r\n\t\t\t\t\t\t\t<div class=\"col-sm-8\">\r\n\t\t\t\t\t\t\t\t<div class=\"panel panel-default\">\r\n\t\t\t\t\t\t\t\t  <div class=\"panel-heading\">\r\n\t\t\t\t\t\t\t\t    <h3 class=\"panel-title about-me-page-title\"><\/h3>\r\n\t\t\t\t\t\t\t\t  <\/div>\r\n\t\t\t\t\t\t\t\t  <div class=\"panel-body about-me-page-bio\">\r\n\t\t\t\t\t\t\t\t\t<p><p style=\"text-align: justify;\">Val\u00e9rie D\u00e9ziel namely represents and advises various healthcare institutions, professionals, professional orders and syndics. She regularly pleads before civil courts as well as disciplinary bodies. She developed a keen interest for the assessment of bodily damages. Regarded by her peers, she distinguishes herself with her listening skills and her innovative solutions.<\/p><\/p>\r\n\t\t\t\t\t\t\t\t  <\/div>\r\n\t\t\t\t\t\t\t\t<\/div>\t\r\n\t\t\t\t\t\t\t<\/div>\r\n\t\t\t\t\t\t<\/div>\r\n\t\t\t\t\t\t<div class=\"row\">\r\n\t\t\t\t\t\t\r\n\t\t\t\t\t\t\t\t\t\t\t\t\t<\/div>\r\n\t\t\t\t\t<\/div>\r\n\t\t\t\t\t\t\r\n\t\t\t\t\t\n\n\n\n<p class=\"has-text-align-right\"><i class=\"wp-svg-hammer-2 hammer-2\"><\/i> <strong>Bar Admission<\/strong>: 1997&nbsp;&nbsp;&nbsp;&nbsp; <i class=\"wp-svg-phone phone\"><\/i> 514.360.4457 &nbsp;&nbsp;&nbsp; <a href=\"http:\/\/cdnpavocats.ca\/Vcard\/Val\u00e9rie D\u00e9ziel.vcf\"><i class=\"wp-svg-envelop envelop\"><\/i> Vcard<\/a>&nbsp; &nbsp; &nbsp;<a href=\"mailto:vdeziel@cdnpavocats.ca\"><i class=\"wp-svg-mail-2 mail-2\"><\/i> vdeziel@cdnpavocats.ca<\/a> &nbsp;&nbsp;&nbsp; <a href=\"https:\/\/ca.linkedin.com\/in\/val%C3%A9rie-d%C3%A9ziel-a59b6440\/fr\" target=\"_blank\" rel=\"noopener\"><i class=\"wp-svg-linkedin linkedin\"><\/i><\/a><\/p>\n\n\n\n<p><strong><div class=\"tmnf-sc-box normal   \">Academic Background<\/div><\/strong><\/p>\n\n\n\n<ul class=\"wp-block-list\">\n<li>Bachelor of Law (LL.B.), Universit\u00e9 de Montr\u00e9al (1996)<\/li>\n\n\n\n<li>The Royal Conservatory of Music of Toronto (1993)<\/li>\n<\/ul>\n\n\n\n<p class=\"has-text-align-left\"><strong><div class=\"tmnf-sc-box normal   \">Areas of Expertise<\/div><\/strong><\/p>\n\n\n\n<ul class=\"wp-block-list\">\n<li>Civil and professional liability<\/li>\n\n\n\n<li>Medical and hospital liability<\/li>\n\n\n\n<li>Insurance<\/li>\n\n\n\n<li>Disciplinary Law<\/li>\n\n\n\n<li>Labour Law<\/li>\n<\/ul>\n\n\n\n<p><strong><div class=\"tmnf-sc-box normal   \">Honors and Associations<\/div><\/strong><\/p>\n\n\n\n<ul class=\"wp-block-list\">\n<li><em>Best Lawyers in Canada:<\/em>\u00a0recognized for Insurance Law (2026) and for professional liability (2026)<\/li>\n\n\n\n<li>Member of the Board of Directors of L&#8217;Enfranfreluche (2016 to date)<\/li>\n\n\n\n<li>Pierre-Basile-Mignault Moot (1996)<\/li>\n<\/ul>\n\n\n\n<p class=\"has-text-align-left\"><strong><div class=\"tmnf-sc-box normal   \">Conferences and Publications<\/div><\/strong><\/p>\n\n\n\n<ul class=\"wp-block-list\">\n<li>Speaker at\u00a0<em>Journ\u00e9es strat\u00e9giques Doit disciplinaire administratif\u00a0<\/em>organised by OpenForumOuvert, 2020<\/li>\n\n\n\n<li>Speaker at <em>Colloque sur les d\u00e9veloppements r\u00e9cents en droit des assurances<\/em>, Barreau du Qu\u00e9bec, 2016, 2017 and 2019<\/li>\n\n\n\n<li>Co-author, <em>&#8220;Survol des d\u00e9cisions r\u00e9centes en assurances&#8221;, D\u00e9veloppements r\u00e9cents en droit des assurances<\/em>, \u00c9ditions Yvon Blais, 2016, 2017 and 2019<\/li>\n\n\n\n<li>Author<em> \u201cIndemnisation du pr\u00e9judice corporel\u201d<\/em>, 2000 and 2010<\/li>\n\n\n\n<li>Co-author,<em>\u00a0&#8220;Une faute qui pourrait co\u00fbter cher&#8221;<\/em>, published in the Bulletin du Fonds d&#8217;assurance responsabilit\u00e9 professionnelle de l\u2019Ordre des pharmaciens du Qu\u00e9bec, bull. no 3, 2009<\/li>\n<\/ul>\n\n\n\n<p><strong style=\"text-align: left;\"><div class=\"tmnf-sc-box normal   \">Assistant<\/div><\/strong><\/p>\n\n\n\n<p>Ms. Joanie Peterson<\/p>\n\n\n\n<p><i class=\"wp-svg-phone phone\"><\/i> 514.409.2201, ext. 201<\/p>\n\n\n\n<p><i class=\"wp-svg-mail-2 mail-2\"><\/i> jpeterson@cdnpavocats.ca<\/p>\n","protected":false},"excerpt":{"rendered":"<p>Bar Admission: 1997&nbsp;&nbsp;&nbsp;&nbsp; 514.360.4457 &nbsp;&nbsp;&nbsp; Vcard&nbsp; &nbsp; &nbsp; vdeziel@cdnpavocats.ca &nbsp;&nbsp;&nbsp; Ms. Joanie Peterson 514.409.2201, ext. 201 jpeterson@cdnpavocats.ca<\/p>\n","protected":false},"author":1,"featured_media":0,"parent":0,"menu_order":0,"comment_status":"closed","ping_status":"closed","template":"template-fullwidth.php","meta":{"footnotes":""},"class_list":["post-2875","page","type-page","status-publish","hentry"],"_links":{"self":[{"href":"https:\/\/cdnpavocats.ca\/English\/wp-json\/wp\/v2\/pages\/2875","targetHints":{"allow":["GET"]}}],"collection":[{"href":"https:\/\/cdnpavocats.ca\/English\/wp-json\/wp\/v2\/pages"}],"about":[{"href":"https:\/\/cdnpavocats.ca\/English\/wp-json\/wp\/v2\/types\/page"}],"author":[{"embeddable":true,"href":"https:\/\/cdnpavocats.ca\/English\/wp-json\/wp\/v2\/users\/1"}],"replies":[{"embeddable":true,"href":"https:\/\/cdnpavocats.ca\/English\/wp-json\/wp\/v2\/comments?post=2875"}],"version-history":[{"count":24,"href":"https:\/\/cdnpavocats.ca\/English\/wp-json\/wp\/v2\/pages\/2875\/revisions"}],"predecessor-version":[{"id":4580,"href":"https:\/\/cdnpavocats.ca\/English\/wp-json\/wp\/v2\/pages\/2875\/revisions\/4580"}],"wp:attachment":[{"href":"https:\/\/cdnpavocats.ca\/English\/wp-json\/wp\/v2\/media?parent=2875"}],"curies":[{"name":"wp","href":"https:\/\/api.w.org\/{rel}","templated":true}]}}